{"id":414,"date":"2023-06-28T14:12:50","date_gmt":"2023-06-28T14:12:50","guid":{"rendered":"https:\/\/estancangrau.cat\/vapeadores\/"},"modified":"2024-07-10T07:39:38","modified_gmt":"2024-07-10T07:39:38","slug":"vapeadores","status":"publish","type":"page","link":"https:\/\/estancangrau.cat\/es\/vapeadores\/","title":{"rendered":"Vapeadores"},"content":{"rendered":"\n<style type=\"text\/css\" data-created_by=\"avia_inline_auto\" id=\"style-css-av-2sxm-65137ac5eda8be9e5aef7ba8d2f8243a\">\n.avia-section.av-2sxm-65137ac5eda8be9e5aef7ba8d2f8243a{\nbackground-color:#000000;\nbackground-image:url(https:\/\/estancangrau.cat\/wp-content\/uploads\/2023\/06\/estanc-can-grau-header-vaper.png);\nbackground-repeat:no-repeat;\nbackground-position:50% 0%;\nbackground-attachment:scroll;\n}\n.avia-section.av-2sxm-65137ac5eda8be9e5aef7ba8d2f8243a .av-section-color-overlay{\nopacity:0.6;\nbackground-color:#000000;\n}\n<\/style>\n<div id='serveis'  class='avia-section av-2sxm-65137ac5eda8be9e5aef7ba8d2f8243a main_color avia-section-default avia-no-border-styling  avia-builder-el-0  el_before_av_textblock  avia-builder-el-first  separador-titol avia-full-stretch avia-bg-style-scroll av-section-color-overlay-active av-minimum-height av-minimum-height-25 av-height-percent  container_wrap fullsize'  data-section-bg-repeat='stretch' data-av_minimum_height_pc='25' data-av_min_height_opt='percent'><div class=\"av-section-color-overlay-wrap\"><div class=\"av-section-color-overlay\"><\/div><div class='container av-section-cont-open' ><main  role=\"main\" itemprop=\"mainContentOfPage\"  class='template-page content  av-content-full alpha units'><div class='post-entry post-entry-type-page post-entry-414'><div class='entry-content-wrapper clearfix'>\n\n<style type=\"text\/css\" data-created_by=\"avia_inline_auto\" id=\"style-css-av-lia66eod-6ea8309d6e18a5ef1f46e8dcdb8537e9\">\n#top .av-special-heading.av-lia66eod-6ea8309d6e18a5ef1f46e8dcdb8537e9{\npadding-bottom:10px;\n}\nbody .av-special-heading.av-lia66eod-6ea8309d6e18a5ef1f46e8dcdb8537e9 .av-special-heading-tag .heading-char{\nfont-size:25px;\n}\n.av-special-heading.av-lia66eod-6ea8309d6e18a5ef1f46e8dcdb8537e9 .av-subheading{\nfont-size:15px;\n}\n<\/style>\n<div  class='av-special-heading av-lia66eod-6ea8309d6e18a5ef1f46e8dcdb8537e9 av-special-heading-h2 blockquote modern-quote modern-centered  avia-builder-el-1  avia-builder-el-no-sibling  separador'><h2 class='av-special-heading-tag'  itemprop=\"headline\"  >Vapeadores<\/h2><div class=\"special-heading-border\"><div class=\"special-heading-inner-border\"><\/div><\/div><\/div>\n<\/div><\/div><\/main><!-- close content main element --><\/div><\/div><\/div><div id='after_section_1'  class='main_color av_default_container_wrap container_wrap fullsize'  ><div class='container av-section-cont-open' ><div class='template-page content  av-content-full alpha units'><div class='post-entry post-entry-type-page post-entry-414'><div class='entry-content-wrapper clearfix'>\n<section  class='av_textblock_section av-ljflha2u-6f87f482bfecbdf43cbba0f15c052629 '   itemscope=\"itemscope\" itemtype=\"https:\/\/schema.org\/CreativeWork\" ><div class='avia_textblock'  itemprop=\"text\" ><h1>Descubre los vapeadores desechables y recargables<\/h1>\n<\/div><\/section>\n<div  class='flex_column av-ae5dz-17255d04dae81ba04a2c2e9c92d20739 av_one_half  avia-builder-el-3  el_after_av_textblock  el_before_av_one_half  first flex_column_div  column-top-margin'     ><p><section  class='av_textblock_section av-ljcrihv7-38cb382ee2c08ab728c2f9c47853ffb6 '   itemscope=\"itemscope\" itemtype=\"https:\/\/schema.org\/CreativeWork\" ><div class='avia_textblock'  itemprop=\"text\" ><p>Los <strong>vapeadores desechables<\/strong> son dispositivos ya preparados y listos para utilizar. Vienen cargados con l\u00edquido y una bater\u00eda integrada. Estos vapeadores suelen tener una vida \u00fatil limitada y se desechan una vez que el l\u00edquido se agota o la bater\u00eda se queda sin carga. Son convenientes para los usuarios que prefieren una opci\u00f3n sin complicaciones, puesto que no requieren mantenimiento ni recarga. Sin embargo, debido a su naturaleza de un solo uso, pueden generar m\u00e1s residuos.<\/p>\n<p>Los <strong>vapeadores de recarga<\/strong> son dispositivos que pueden recargarse con l\u00edquido cuando se agota. Estos dispositivos suelen tener una bater\u00eda recargable y un tanque o cartucho que se puede rellenar con l\u00edquido de vapeo. Algunos vapeadores de recarga tambi\u00e9n permiten reemplazar las resistencias cuando se desgastan. Estos dispositivos ofrecen mayor flexibilidad y opciones de personalizaci\u00f3n, ya que los usuarios pueden elegir entre una amplia variedad de l\u00edquidos y ajustar la configuraci\u00f3n seg\u00fan sus preferencias. Sin embargo, requieren un poco m\u00e1s de mantenimiento y cuidado en comparaci\u00f3n con los desechables.<\/p>\n<\/div><\/section><br \/>\n<div  class='av_promobox av-ljflj54d-7028ed41fac793f936d2cb88e8bbf6b6 avia-button-no  avia-builder-el-5  el_after_av_textblock  avia-builder-el-last '><div class='avia-promocontent'><p>\nEn Estanc Can Grau tenemos disponibles una gran variedad de vapeadores de diferentes marcas y modelos. Os ofrecemos todo el asesoramiento que necesiteis.<\/p>\n<\/div><\/div><\/p><\/div>\n<div  class='flex_column av-1ns9b-1a11efad0322bd25c146fdc7fe1c2e5b av_one_half  avia-builder-el-6  el_after_av_one_half  avia-builder-el-last  flex_column_div  column-top-margin'     ><style type=\"text\/css\" data-created_by=\"avia_inline_auto\" id=\"style-css-av-ljfl65jz-c9152a43c2ac72af84ab21758fb07985\">\n#top .avia-gallery.av-ljfl65jz-c9152a43c2ac72af84ab21758fb07985 .avia-gallery-thumb a{\nwidth:20%;\n}\n<\/style>\n<div  class='avia-gallery av-ljfl65jz-c9152a43c2ac72af84ab21758fb07985 avia_animate_when_visible  avia-builder-el-7  avia-builder-el-no-sibling  avia_lazyload av-slideshow-ui av-loop-manual-endless av-control-hidden av-navigate-arrows hover-effect av-control-hidden avia-gallery-animate avia-gallery-1'  itemprop=\"image\" itemscope=\"itemscope\" itemtype=\"https:\/\/schema.org\/ImageObject\" ><meta itemprop=\"contentURL\" content=\"https:\/\/estancangrau.cat\/es\/vapeadores\/\"><a class='avia-gallery-big fakeLightbox lightbox avia-gallery-big-crop-thumb ' href=\"https:\/\/estancangrau.cat\/wp-content\/uploads\/2023\/06\/xbar-vapejador-estanc-can-grau.png\" data-srcset=\"https:\/\/estancangrau.cat\/wp-content\/uploads\/2023\/06\/xbar-vapejador-estanc-can-grau.png 800w, https:\/\/estancangrau.cat\/wp-content\/uploads\/2023\/06\/xbar-vapejador-estanc-can-grau-300x300.png 300w, https:\/\/estancangrau.cat\/wp-content\/uploads\/2023\/06\/xbar-vapejador-estanc-can-grau-80x80.png 80w, https:\/\/estancangrau.cat\/wp-content\/uploads\/2023\/06\/xbar-vapejador-estanc-can-grau-768x768.png 768w, https:\/\/estancangrau.cat\/wp-content\/uploads\/2023\/06\/xbar-vapejador-estanc-can-grau-36x36.png 36w, https:\/\/estancangrau.cat\/wp-content\/uploads\/2023\/06\/xbar-vapejador-estanc-can-grau-180x180.png 180w, https:\/\/estancangrau.cat\/wp-content\/uploads\/2023\/06\/xbar-vapejador-estanc-can-grau-705x705.png 705w\" data-sizes=\"(max-width: 800px) 100vw, 800px\"  data-onclick='1' title='xbar-vapejador-estanc-can-grau' ><span class='avia-gallery-big-inner'  itemprop=\"thumbnailUrl\" ><img decoding=\"async\" class=\"wp-image-350 avia-img-lazy-loading-not-350\"  width=\"495\" height=\"400\" src=\"https:\/\/estancangrau.cat\/wp-content\/uploads\/2023\/06\/xbar-vapejador-estanc-can-grau-495x400.png\" title='xbar-vapejador-estanc-can-grau' alt='' \/><\/span><\/a><div class='avia-gallery-thumb'><a href=\"https:\/\/estancangrau.cat\/wp-content\/uploads\/2023\/06\/xbar-vapejador-estanc-can-grau.png\" data-srcset=\"https:\/\/estancangrau.cat\/wp-content\/uploads\/2023\/06\/xbar-vapejador-estanc-can-grau.png 800w, https:\/\/estancangrau.cat\/wp-content\/uploads\/2023\/06\/xbar-vapejador-estanc-can-grau-300x300.png 300w, https:\/\/estancangrau.cat\/wp-content\/uploads\/2023\/06\/xbar-vapejador-estanc-can-grau-80x80.png 80w, https:\/\/estancangrau.cat\/wp-content\/uploads\/2023\/06\/xbar-vapejador-estanc-can-grau-768x768.png 768w, https:\/\/estancangrau.cat\/wp-content\/uploads\/2023\/06\/xbar-vapejador-estanc-can-grau-36x36.png 36w, https:\/\/estancangrau.cat\/wp-content\/uploads\/2023\/06\/xbar-vapejador-estanc-can-grau-180x180.png 180w, https:\/\/estancangrau.cat\/wp-content\/uploads\/2023\/06\/xbar-vapejador-estanc-can-grau-705x705.png 705w\" data-sizes=\"(max-width: 800px) 100vw, 800px\" data-rel='gallery-1' data-prev-img='https:\/\/estancangrau.cat\/wp-content\/uploads\/2023\/06\/xbar-vapejador-estanc-can-grau-495x400.png' class='first_thumb lightbox ' data-onclick='1' title='xbar-vapejador-estanc-can-grau'  itemprop=\"thumbnailUrl\"  ><img decoding=\"async\" class=\"wp-image-350 avia-img-lazy-loading-not-350\"   src=\"https:\/\/estancangrau.cat\/wp-content\/uploads\/2023\/06\/xbar-vapejador-estanc-can-grau.png\" width=\"800\" height=\"800\"  title='xbar-vapejador-estanc-can-grau' alt='' srcset=\"https:\/\/estancangrau.cat\/wp-content\/uploads\/2023\/06\/xbar-vapejador-estanc-can-grau.png 800w, https:\/\/estancangrau.cat\/wp-content\/uploads\/2023\/06\/xbar-vapejador-estanc-can-grau-300x300.png 300w, https:\/\/estancangrau.cat\/wp-content\/uploads\/2023\/06\/xbar-vapejador-estanc-can-grau-80x80.png 80w, https:\/\/estancangrau.cat\/wp-content\/uploads\/2023\/06\/xbar-vapejador-estanc-can-grau-768x768.png 768w, https:\/\/estancangrau.cat\/wp-content\/uploads\/2023\/06\/xbar-vapejador-estanc-can-grau-36x36.png 36w, https:\/\/estancangrau.cat\/wp-content\/uploads\/2023\/06\/xbar-vapejador-estanc-can-grau-180x180.png 180w, https:\/\/estancangrau.cat\/wp-content\/uploads\/2023\/06\/xbar-vapejador-estanc-can-grau-705x705.png 705w\" sizes=\"(max-width: 800px) 100vw, 800px\" \/><div class='big-prev-fake'><img loading=\"lazy\" decoding=\"async\" class=\"wp-image-350 avia-img-lazy-loading-350\"  width=\"495\" height=\"400\" src=\"https:\/\/estancangrau.cat\/wp-content\/uploads\/2023\/06\/xbar-vapejador-estanc-can-grau-495x400.png\" title='xbar-vapejador-estanc-can-grau' alt='' \/><\/div><\/a><a href=\"https:\/\/estancangrau.cat\/wp-content\/uploads\/2023\/06\/buse-vapper-1030x1030.jpg\" data-srcset=\"https:\/\/estancangrau.cat\/wp-content\/uploads\/2023\/06\/buse-vapper-1030x1030.jpg 1030w, https:\/\/estancangrau.cat\/wp-content\/uploads\/2023\/06\/buse-vapper-300x300.jpg 300w, https:\/\/estancangrau.cat\/wp-content\/uploads\/2023\/06\/buse-vapper-80x80.jpg 80w, https:\/\/estancangrau.cat\/wp-content\/uploads\/2023\/06\/buse-vapper-768x768.jpg 768w, https:\/\/estancangrau.cat\/wp-content\/uploads\/2023\/06\/buse-vapper-36x36.jpg 36w, https:\/\/estancangrau.cat\/wp-content\/uploads\/2023\/06\/buse-vapper-180x180.jpg 180w, https:\/\/estancangrau.cat\/wp-content\/uploads\/2023\/06\/buse-vapper-705x705.jpg 705w, https:\/\/estancangrau.cat\/wp-content\/uploads\/2023\/06\/buse-vapper.jpg 1080w\" data-sizes=\"(max-width: 1030px) 100vw, 1030px\" data-rel='gallery-1' data-prev-img='https:\/\/estancangrau.cat\/wp-content\/uploads\/2023\/06\/buse-vapper-495x400.jpg' class='lightbox ' data-onclick='2' title='buse-vapper'  itemprop=\"thumbnailUrl\"  ><img decoding=\"async\" class=\"wp-image-381 avia-img-lazy-loading-not-381\"   src=\"https:\/\/estancangrau.cat\/wp-content\/uploads\/2023\/06\/buse-vapper-1030x1030.jpg\" width=\"1030\" height=\"1030\"  title='buse-vapper' alt='' srcset=\"https:\/\/estancangrau.cat\/wp-content\/uploads\/2023\/06\/buse-vapper-1030x1030.jpg 1030w, https:\/\/estancangrau.cat\/wp-content\/uploads\/2023\/06\/buse-vapper-300x300.jpg 300w, https:\/\/estancangrau.cat\/wp-content\/uploads\/2023\/06\/buse-vapper-80x80.jpg 80w, https:\/\/estancangrau.cat\/wp-content\/uploads\/2023\/06\/buse-vapper-768x768.jpg 768w, https:\/\/estancangrau.cat\/wp-content\/uploads\/2023\/06\/buse-vapper-36x36.jpg 36w, https:\/\/estancangrau.cat\/wp-content\/uploads\/2023\/06\/buse-vapper-180x180.jpg 180w, https:\/\/estancangrau.cat\/wp-content\/uploads\/2023\/06\/buse-vapper-705x705.jpg 705w, https:\/\/estancangrau.cat\/wp-content\/uploads\/2023\/06\/buse-vapper.jpg 1080w\" sizes=\"(max-width: 1030px) 100vw, 1030px\" \/><div class='big-prev-fake'><img loading=\"lazy\" decoding=\"async\" class=\"wp-image-381 avia-img-lazy-loading-381\"  width=\"495\" height=\"400\" src=\"https:\/\/estancangrau.cat\/wp-content\/uploads\/2023\/06\/buse-vapper-495x400.jpg\" title='buse-vapper' alt='' srcset=\"https:\/\/estancangrau.cat\/wp-content\/uploads\/2023\/06\/buse-vapper-495x400.jpg 495w, https:\/\/estancangrau.cat\/wp-content\/uploads\/2023\/06\/buse-vapper-845x684.jpg 845w\" sizes=\"auto, (max-width: 495px) 100vw, 495px\" \/><\/div><\/a><a href=\"https:\/\/estancangrau.cat\/wp-content\/uploads\/2023\/06\/cool-vaps-zero-0mg-tobacco-797x1030.jpg\" data-srcset=\"https:\/\/estancangrau.cat\/wp-content\/uploads\/2023\/06\/cool-vaps-zero-0mg-tobacco-797x1030.jpg 797w, https:\/\/estancangrau.cat\/wp-content\/uploads\/2023\/06\/cool-vaps-zero-0mg-tobacco-232x300.jpg 232w, https:\/\/estancangrau.cat\/wp-content\/uploads\/2023\/06\/cool-vaps-zero-0mg-tobacco-768x993.jpg 768w, https:\/\/estancangrau.cat\/wp-content\/uploads\/2023\/06\/cool-vaps-zero-0mg-tobacco-545x705.jpg 545w, https:\/\/estancangrau.cat\/wp-content\/uploads\/2023\/06\/cool-vaps-zero-0mg-tobacco.jpg 1100w\" data-sizes=\"(max-width: 797px) 100vw, 797px\" data-rel='gallery-1' data-prev-img='https:\/\/estancangrau.cat\/wp-content\/uploads\/2023\/06\/cool-vaps-zero-0mg-tobacco-495x400.jpg' class='lightbox ' data-onclick='3' title='cool-vaps-zero-0mg-tobacco'  itemprop=\"thumbnailUrl\"  ><img decoding=\"async\" class=\"wp-image-380 avia-img-lazy-loading-not-380\"   src=\"https:\/\/estancangrau.cat\/wp-content\/uploads\/2023\/06\/cool-vaps-zero-0mg-tobacco-797x1030.jpg\" width=\"797\" height=\"1030\"  title='cool-vaps-zero-0mg-tobacco' alt='' srcset=\"https:\/\/estancangrau.cat\/wp-content\/uploads\/2023\/06\/cool-vaps-zero-0mg-tobacco-797x1030.jpg 797w, https:\/\/estancangrau.cat\/wp-content\/uploads\/2023\/06\/cool-vaps-zero-0mg-tobacco-232x300.jpg 232w, https:\/\/estancangrau.cat\/wp-content\/uploads\/2023\/06\/cool-vaps-zero-0mg-tobacco-768x993.jpg 768w, https:\/\/estancangrau.cat\/wp-content\/uploads\/2023\/06\/cool-vaps-zero-0mg-tobacco-545x705.jpg 545w, https:\/\/estancangrau.cat\/wp-content\/uploads\/2023\/06\/cool-vaps-zero-0mg-tobacco.jpg 1100w\" sizes=\"(max-width: 797px) 100vw, 797px\" \/><div class='big-prev-fake'><img loading=\"lazy\" decoding=\"async\" class=\"wp-image-380 avia-img-lazy-loading-380\"  width=\"495\" height=\"400\" src=\"https:\/\/estancangrau.cat\/wp-content\/uploads\/2023\/06\/cool-vaps-zero-0mg-tobacco-495x400.jpg\" title='cool-vaps-zero-0mg-tobacco' alt='' srcset=\"https:\/\/estancangrau.cat\/wp-content\/uploads\/2023\/06\/cool-vaps-zero-0mg-tobacco-495x400.jpg 495w, https:\/\/estancangrau.cat\/wp-content\/uploads\/2023\/06\/cool-vaps-zero-0mg-tobacco-845x684.jpg 845w\" sizes=\"auto, (max-width: 495px) 100vw, 495px\" \/><\/div><\/a><a href=\"https:\/\/estancangrau.cat\/wp-content\/uploads\/2023\/06\/x-bar-vapper-2-1030x1030.jpg\" data-srcset=\"https:\/\/estancangrau.cat\/wp-content\/uploads\/2023\/06\/x-bar-vapper-2-1030x1030.jpg 1030w, https:\/\/estancangrau.cat\/wp-content\/uploads\/2023\/06\/x-bar-vapper-2-300x300.jpg 300w, https:\/\/estancangrau.cat\/wp-content\/uploads\/2023\/06\/x-bar-vapper-2-80x80.jpg 80w, https:\/\/estancangrau.cat\/wp-content\/uploads\/2023\/06\/x-bar-vapper-2-768x768.jpg 768w, https:\/\/estancangrau.cat\/wp-content\/uploads\/2023\/06\/x-bar-vapper-2-36x36.jpg 36w, https:\/\/estancangrau.cat\/wp-content\/uploads\/2023\/06\/x-bar-vapper-2-180x180.jpg 180w, https:\/\/estancangrau.cat\/wp-content\/uploads\/2023\/06\/x-bar-vapper-2-705x705.jpg 705w, https:\/\/estancangrau.cat\/wp-content\/uploads\/2023\/06\/x-bar-vapper-2.jpg 1200w\" data-sizes=\"(max-width: 1030px) 100vw, 1030px\" data-rel='gallery-1' data-prev-img='https:\/\/estancangrau.cat\/wp-content\/uploads\/2023\/06\/x-bar-vapper-2-495x400.jpg' class='lightbox ' data-onclick='4' title='x-bar-vapper-2'  itemprop=\"thumbnailUrl\"  ><img decoding=\"async\" class=\"wp-image-378 avia-img-lazy-loading-not-378\"   src=\"https:\/\/estancangrau.cat\/wp-content\/uploads\/2023\/06\/x-bar-vapper-2-1030x1030.jpg\" width=\"1030\" height=\"1030\"  title='x-bar-vapper-2' alt='' srcset=\"https:\/\/estancangrau.cat\/wp-content\/uploads\/2023\/06\/x-bar-vapper-2-1030x1030.jpg 1030w, https:\/\/estancangrau.cat\/wp-content\/uploads\/2023\/06\/x-bar-vapper-2-300x300.jpg 300w, https:\/\/estancangrau.cat\/wp-content\/uploads\/2023\/06\/x-bar-vapper-2-80x80.jpg 80w, https:\/\/estancangrau.cat\/wp-content\/uploads\/2023\/06\/x-bar-vapper-2-768x768.jpg 768w, https:\/\/estancangrau.cat\/wp-content\/uploads\/2023\/06\/x-bar-vapper-2-36x36.jpg 36w, https:\/\/estancangrau.cat\/wp-content\/uploads\/2023\/06\/x-bar-vapper-2-180x180.jpg 180w, https:\/\/estancangrau.cat\/wp-content\/uploads\/2023\/06\/x-bar-vapper-2-705x705.jpg 705w, https:\/\/estancangrau.cat\/wp-content\/uploads\/2023\/06\/x-bar-vapper-2.jpg 1200w\" sizes=\"(max-width: 1030px) 100vw, 1030px\" \/><div class='big-prev-fake'><img loading=\"lazy\" decoding=\"async\" class=\"wp-image-378 avia-img-lazy-loading-378\"  width=\"495\" height=\"400\" src=\"https:\/\/estancangrau.cat\/wp-content\/uploads\/2023\/06\/x-bar-vapper-2-495x400.jpg\" title='x-bar-vapper-2' alt='' srcset=\"https:\/\/estancangrau.cat\/wp-content\/uploads\/2023\/06\/x-bar-vapper-2-495x400.jpg 495w, https:\/\/estancangrau.cat\/wp-content\/uploads\/2023\/06\/x-bar-vapper-2-845x684.jpg 845w\" sizes=\"auto, (max-width: 495px) 100vw, 495px\" \/><\/div><\/a><a href=\"https:\/\/estancangrau.cat\/wp-content\/uploads\/2023\/06\/blu-vapper-970x1030.webp\" data-srcset=\"https:\/\/estancangrau.cat\/wp-content\/uploads\/2023\/06\/blu-vapper-970x1030.webp 970w, https:\/\/estancangrau.cat\/wp-content\/uploads\/2023\/06\/blu-vapper-283x300.webp 283w, https:\/\/estancangrau.cat\/wp-content\/uploads\/2023\/06\/blu-vapper-768x816.webp 768w, https:\/\/estancangrau.cat\/wp-content\/uploads\/2023\/06\/blu-vapper-1446x1536.webp 1446w, https:\/\/estancangrau.cat\/wp-content\/uploads\/2023\/06\/blu-vapper-1413x1500.webp 1413w, https:\/\/estancangrau.cat\/wp-content\/uploads\/2023\/06\/blu-vapper-664x705.webp 664w, https:\/\/estancangrau.cat\/wp-content\/uploads\/2023\/06\/blu-vapper.webp 1808w\" data-sizes=\"(max-width: 970px) 100vw, 970px\" data-rel='gallery-1' data-prev-img='https:\/\/estancangrau.cat\/wp-content\/uploads\/2023\/06\/blu-vapper-495x400.webp' class='lightbox ' data-onclick='5' title='blu-vapper'  itemprop=\"thumbnailUrl\"  ><img decoding=\"async\" class=\"wp-image-377 avia-img-lazy-loading-not-377\"   src=\"https:\/\/estancangrau.cat\/wp-content\/uploads\/2023\/06\/blu-vapper-970x1030.webp\" width=\"970\" height=\"1030\"  title='blu-vapper' alt='' srcset=\"https:\/\/estancangrau.cat\/wp-content\/uploads\/2023\/06\/blu-vapper-970x1030.webp 970w, https:\/\/estancangrau.cat\/wp-content\/uploads\/2023\/06\/blu-vapper-283x300.webp 283w, https:\/\/estancangrau.cat\/wp-content\/uploads\/2023\/06\/blu-vapper-768x816.webp 768w, https:\/\/estancangrau.cat\/wp-content\/uploads\/2023\/06\/blu-vapper-1446x1536.webp 1446w, https:\/\/estancangrau.cat\/wp-content\/uploads\/2023\/06\/blu-vapper-1413x1500.webp 1413w, https:\/\/estancangrau.cat\/wp-content\/uploads\/2023\/06\/blu-vapper-664x705.webp 664w, https:\/\/estancangrau.cat\/wp-content\/uploads\/2023\/06\/blu-vapper.webp 1808w\" sizes=\"(max-width: 970px) 100vw, 970px\" \/><div class='big-prev-fake'><img loading=\"lazy\" decoding=\"async\" class=\"wp-image-377 avia-img-lazy-loading-377\"  width=\"495\" height=\"400\" src=\"https:\/\/estancangrau.cat\/wp-content\/uploads\/2023\/06\/blu-vapper-495x400.webp\" title='blu-vapper' alt='' srcset=\"https:\/\/estancangrau.cat\/wp-content\/uploads\/2023\/06\/blu-vapper-495x400.webp 495w, https:\/\/estancangrau.cat\/wp-content\/uploads\/2023\/06\/blu-vapper-845x684.webp 845w\" sizes=\"auto, (max-width: 495px) 100vw, 495px\" \/><\/div><\/a><\/div><\/div><\/div>\n","protected":false},"excerpt":{"rendered":"","protected":false},"author":3,"featured_media":0,"parent":0,"menu_order":0,"comment_status":"closed","ping_status":"closed","template":"","meta":{"footnotes":""},"class_list":["post-414","page","type-page","status-publish","hentry"],"yoast_head":"<!-- This site is optimized with the Yoast SEO plugin v27.5 - https:\/\/yoast.com\/product\/yoast-seo-wordpress\/ -->\n<title>Vapeadores de calidad y accesorios en Estanc Grau - Estanc Can Grau<\/title>\n<meta name=\"description\" content=\"Explora nuestra selecci\u00f3n de vapeadores y accesorios. Productos de calidad para una experiencia de vapeo satisfactoria.\" \/>\n<meta name=\"robots\" content=\"index, follow, max-snippet:-1, max-image-preview:large, max-video-preview:-1\" \/>\n<link rel=\"canonical\" href=\"https:\/\/estancangrau.cat\/es\/vapeadores\/\" \/>\n<meta property=\"og:locale\" content=\"es_ES\" \/>\n<meta property=\"og:type\" content=\"article\" \/>\n<meta property=\"og:title\" content=\"Vapeadores de calidad y accesorios en Estanc Grau - Estanc Can Grau\" \/>\n<meta property=\"og:description\" content=\"Explora nuestra selecci\u00f3n de vapeadores y accesorios. Productos de calidad para una experiencia de vapeo satisfactoria.\" \/>\n<meta property=\"og:url\" content=\"https:\/\/estancangrau.cat\/es\/vapeadores\/\" \/>\n<meta property=\"og:site_name\" content=\"Estanc Can Grau\" \/>\n<meta property=\"article:modified_time\" content=\"2024-07-10T07:39:38+00:00\" \/>\n<meta name=\"twitter:card\" content=\"summary_large_image\" \/>\n<meta name=\"twitter:label1\" content=\"Tiempo de lectura\" \/>\n\t<meta name=\"twitter:data1\" content=\"4 minutos\" \/>\n<script type=\"application\/ld+json\" class=\"yoast-schema-graph\">{\"@context\":\"https:\\\/\\\/schema.org\",\"@graph\":[{\"@type\":\"WebPage\",\"@id\":\"https:\\\/\\\/estancangrau.cat\\\/es\\\/vapeadores\\\/\",\"url\":\"https:\\\/\\\/estancangrau.cat\\\/es\\\/vapeadores\\\/\",\"name\":\"Vapeadores de calidad y accesorios en Estanc Grau - Estanc Can Grau\",\"isPartOf\":{\"@id\":\"https:\\\/\\\/estancangrau.cat\\\/#website\"},\"datePublished\":\"2023-06-28T14:12:50+00:00\",\"dateModified\":\"2024-07-10T07:39:38+00:00\",\"description\":\"Explora nuestra selecci\u00f3n de vapeadores y accesorios. Productos de calidad para una experiencia de vapeo satisfactoria.\",\"breadcrumb\":{\"@id\":\"https:\\\/\\\/estancangrau.cat\\\/es\\\/vapeadores\\\/#breadcrumb\"},\"inLanguage\":\"es\",\"potentialAction\":[{\"@type\":\"ReadAction\",\"target\":[\"https:\\\/\\\/estancangrau.cat\\\/es\\\/vapeadores\\\/\"]}]},{\"@type\":\"BreadcrumbList\",\"@id\":\"https:\\\/\\\/estancangrau.cat\\\/es\\\/vapeadores\\\/#breadcrumb\",\"itemListElement\":[{\"@type\":\"ListItem\",\"position\":1,\"name\":\"Inici\",\"item\":\"https:\\\/\\\/estancangrau.cat\\\/es\\\/inicio\\\/\"},{\"@type\":\"ListItem\",\"position\":2,\"name\":\"Vapeadores\"}]},{\"@type\":\"WebSite\",\"@id\":\"https:\\\/\\\/estancangrau.cat\\\/#website\",\"url\":\"https:\\\/\\\/estancangrau.cat\\\/\",\"name\":\"Estanc Can Grau\",\"description\":\"\",\"potentialAction\":[{\"@type\":\"SearchAction\",\"target\":{\"@type\":\"EntryPoint\",\"urlTemplate\":\"https:\\\/\\\/estancangrau.cat\\\/?s={search_term_string}\"},\"query-input\":{\"@type\":\"PropertyValueSpecification\",\"valueRequired\":true,\"valueName\":\"search_term_string\"}}],\"inLanguage\":\"es\"}]}<\/script>\n<!-- \/ Yoast SEO plugin. -->","yoast_head_json":{"title":"Vapeadores de calidad y accesorios en Estanc Grau - Estanc Can Grau","description":"Explora nuestra selecci\u00f3n de vapeadores y accesorios. Productos de calidad para una experiencia de vapeo satisfactoria.","robots":{"index":"index","follow":"follow","max-snippet":"max-snippet:-1","max-image-preview":"max-image-preview:large","max-video-preview":"max-video-preview:-1"},"canonical":"https:\/\/estancangrau.cat\/es\/vapeadores\/","og_locale":"es_ES","og_type":"article","og_title":"Vapeadores de calidad y accesorios en Estanc Grau - Estanc Can Grau","og_description":"Explora nuestra selecci\u00f3n de vapeadores y accesorios. Productos de calidad para una experiencia de vapeo satisfactoria.","og_url":"https:\/\/estancangrau.cat\/es\/vapeadores\/","og_site_name":"Estanc Can Grau","article_modified_time":"2024-07-10T07:39:38+00:00","twitter_card":"summary_large_image","twitter_misc":{"Tiempo de lectura":"4 minutos"},"schema":{"@context":"https:\/\/schema.org","@graph":[{"@type":"WebPage","@id":"https:\/\/estancangrau.cat\/es\/vapeadores\/","url":"https:\/\/estancangrau.cat\/es\/vapeadores\/","name":"Vapeadores de calidad y accesorios en Estanc Grau - Estanc Can Grau","isPartOf":{"@id":"https:\/\/estancangrau.cat\/#website"},"datePublished":"2023-06-28T14:12:50+00:00","dateModified":"2024-07-10T07:39:38+00:00","description":"Explora nuestra selecci\u00f3n de vapeadores y accesorios. Productos de calidad para una experiencia de vapeo satisfactoria.","breadcrumb":{"@id":"https:\/\/estancangrau.cat\/es\/vapeadores\/#breadcrumb"},"inLanguage":"es","potentialAction":[{"@type":"ReadAction","target":["https:\/\/estancangrau.cat\/es\/vapeadores\/"]}]},{"@type":"BreadcrumbList","@id":"https:\/\/estancangrau.cat\/es\/vapeadores\/#breadcrumb","itemListElement":[{"@type":"ListItem","position":1,"name":"Inici","item":"https:\/\/estancangrau.cat\/es\/inicio\/"},{"@type":"ListItem","position":2,"name":"Vapeadores"}]},{"@type":"WebSite","@id":"https:\/\/estancangrau.cat\/#website","url":"https:\/\/estancangrau.cat\/","name":"Estanc Can Grau","description":"","potentialAction":[{"@type":"SearchAction","target":{"@type":"EntryPoint","urlTemplate":"https:\/\/estancangrau.cat\/?s={search_term_string}"},"query-input":{"@type":"PropertyValueSpecification","valueRequired":true,"valueName":"search_term_string"}}],"inLanguage":"es"}]}},"_links":{"self":[{"href":"https:\/\/estancangrau.cat\/es\/wp-json\/wp\/v2\/pages\/414","targetHints":{"allow":["GET"]}}],"collection":[{"href":"https:\/\/estancangrau.cat\/es\/wp-json\/wp\/v2\/pages"}],"about":[{"href":"https:\/\/estancangrau.cat\/es\/wp-json\/wp\/v2\/types\/page"}],"author":[{"embeddable":true,"href":"https:\/\/estancangrau.cat\/es\/wp-json\/wp\/v2\/users\/3"}],"replies":[{"embeddable":true,"href":"https:\/\/estancangrau.cat\/es\/wp-json\/wp\/v2\/comments?post=414"}],"version-history":[{"count":5,"href":"https:\/\/estancangrau.cat\/es\/wp-json\/wp\/v2\/pages\/414\/revisions"}],"predecessor-version":[{"id":503,"href":"https:\/\/estancangrau.cat\/es\/wp-json\/wp\/v2\/pages\/414\/revisions\/503"}],"wp:attachment":[{"href":"https:\/\/estancangrau.cat\/es\/wp-json\/wp\/v2\/media?parent=414"}],"curies":[{"name":"wp","href":"https:\/\/api.w.org\/{rel}","templated":true}]}}